{"id":21883,"date":"2023-10-25T14:10:03","date_gmt":"2023-10-25T12:10:03","guid":{"rendered":"https:\/\/www.olekogroup.pl\/?page_id=21883"},"modified":"2023-10-25T14:54:42","modified_gmt":"2023-10-25T12:54:42","slug":"production-of-advertising-screens","status":"publish","type":"page","link":"https:\/\/www.olekogroup.pl\/en\/production-of-advertising-screens","title":{"rendered":"Production of advertising screens"},"content":{"rendered":"\t\t<div data-elementor-type=\"wp-page\" data-elementor-id=\"21883\" class=\"elementor elementor-21883\" data-elementor-post-type=\"page\">\n\t\t\t\t\t\t<section class=\"elementor-section elementor-top-section elementor-element elementor-element-62fd0bd elementor-section-boxed elementor-section-height-default elementor-section-height-default\" data-id=\"62fd0bd\" data-element_type=\"section\">\n\t\t\t\t\t\t<div class=\"elementor-container elementor-column-gap-default\">\n\t\t\t\t\t<div class=\"elementor-column elementor-col-50 elementor-top-column elementor-element elementor-element-a8b4392\" data-id=\"a8b4392\" data-element_type=\"column\">\n\t\t\t<div class=\"elementor-widget-wrap elementor-element-populated\">\n\t\t\t\t\t\t<div class=\"elementor-element elementor-element-9a92dc6 elementor-widget elementor-widget-image\" data-id=\"9a92dc6\" data-element_type=\"widget\" data-widget_type=\"image.default\">\n\t\t\t\t<div class=\"elementor-widget-container\">\n\t\t\t\t\t\t\t\t\t\t\t\t\t\t\t<img fetchpriority=\"high\" decoding=\"async\" width=\"800\" height=\"600\" src=\"https:\/\/www.olekogroup.pl\/wp-content\/uploads\/2023\/10\/1.jpg\" class=\"attachment-large size-large wp-image-21879\" alt=\"\" srcset=\"https:\/\/www.olekogroup.pl\/wp-content\/uploads\/2023\/10\/1.jpg 800w, https:\/\/www.olekogroup.pl\/wp-content\/uploads\/2023\/10\/1-300x225.jpg 300w, https:\/\/www.olekogroup.pl\/wp-content\/uploads\/2023\/10\/1-768x576.jpg 768w\" sizes=\"(max-width: 800px) 100vw, 800px\" \/>\t\t\t\t\t\t\t\t\t\t\t\t\t\t\t<\/div>\n\t\t\t\t<\/div>\n\t\t\t\t\t<\/div>\n\t\t<\/div>\n\t\t\t\t<div class=\"elementor-column elementor-col-50 elementor-top-column elementor-element elementor-element-fa5050b\" data-id=\"fa5050b\" data-element_type=\"column\">\n\t\t\t<div class=\"elementor-widget-wrap elementor-element-populated\">\n\t\t\t\t\t\t<div class=\"elementor-element elementor-element-0d96a0e elementor-widget elementor-widget-heading\" data-id=\"0d96a0e\" data-element_type=\"widget\" data-widget_type=\"heading.default\">\n\t\t\t\t<div class=\"elementor-widget-container\">\n\t\t\t\t\t<h1 class=\"elementor-heading-title elementor-size-default\">Production of advertising screens<\/h1>\t\t\t\t<\/div>\n\t\t\t\t<\/div>\n\t\t\t\t<div class=\"elementor-element elementor-element-18b0a4c elementor-widget elementor-widget-text-editor\" data-id=\"18b0a4c\" data-element_type=\"widget\" data-widget_type=\"text-editor.default\">\n\t\t\t\t<div class=\"elementor-widget-container\">\n\t\t\t\t\t\t\t\t\t<p><strong>Work for men<\/strong><br \/>Work experience is not required.<br \/>The ability to use power tools and wrenches is required.<br \/><strong>Schedule:<\/strong> 10-11 hours, from Monday to Friday, from 6:00 am in one shift.<br \/>Saturday for those who want to work 8 hours.<br \/>Travel to the place of work and accommodation are free of charge.<br \/><strong>The rate is PLN 20 netto plus<\/strong> <br \/>PLN 1 to the rate if you regularly come to work without absenteeism.<br \/><br \/><\/p>\t\t\t\t\t\t\t\t<\/div>\n\t\t\t\t<\/div>\n\t\t\t\t\t<\/div>\n\t\t<\/div>\n\t\t\t\t\t<\/div>\n\t\t<\/section>\n\t\t\t\t<section class=\"elementor-section elementor-top-section elementor-element elementor-element-025161b elementor-section-boxed elementor-section-height-default elementor-section-height-default\" data-id=\"025161b\" data-element_type=\"section\" data-settings=\"{&quot;background_background&quot;:&quot;classic&quot;}\">\n\t\t\t\t\t\t<div class=\"elementor-container elementor-column-gap-default\">\n\t\t\t\t\t<div class=\"elementor-column elementor-col-100 elementor-top-column elementor-element elementor-element-a8e4d05\" data-id=\"a8e4d05\" data-element_type=\"column\">\n\t\t\t<div class=\"elementor-widget-wrap elementor-element-populated\">\n\t\t\t\t\t\t<div class=\"elementor-element elementor-element-449ba77 elementor-widget elementor-widget-heading\" data-id=\"449ba77\" data-element_type=\"widget\" data-widget_type=\"heading.default\">\n\t\t\t\t<div class=\"elementor-widget-container\">\n\t\t\t\t\t<div class=\"elementor-heading-title elementor-size-default\">Je\u015bli potrzebujesz pracy, a nasze warunki Ci odpowiadaj\u0105, wype\u0142nij formularz. Skontaktujemy si\u0119 z Tob\u0105 jak najszybciej<\/div>\t\t\t\t<\/div>\n\t\t\t\t<\/div>\n\t\t\t\t<div class=\"elementor-element elementor-element-5320fcb elementor-widget elementor-widget-text-editor\" data-id=\"5320fcb\" data-element_type=\"widget\" data-widget_type=\"text-editor.default\">\n\t\t\t\t<div class=\"elementor-widget-container\">\n\t\t\t\t\t\t\t\t\t<p>[contact-form-7 id=&#8221;21596&#8243; title=&#8221;zg\u0142oszenie_od_pracownika&#8221;]<\/p>\t\t\t\t\t\t\t\t<\/div>\n\t\t\t\t<\/div>\n\t\t\t\t\t<\/div>\n\t\t<\/div>\n\t\t\t\t\t<\/div>\n\t\t<\/section>\n\t\t\t\t<section class=\"elementor-section elementor-top-section elementor-element elementor-element-dc5747f elementor-section-boxed elementor-section-height-default elementor-section-height-default\" data-id=\"dc5747f\" data-element_type=\"section\">\n\t\t\t\t\t\t<div class=\"elementor-container elementor-column-gap-default\">\n\t\t\t\t\t<div class=\"elementor-column elementor-col-50 elementor-top-column elementor-element elementor-element-600db8d\" data-id=\"600db8d\" data-element_type=\"column\">\n\t\t\t<div class=\"elementor-widget-wrap elementor-element-populated\">\n\t\t\t\t\t\t<div class=\"elementor-element elementor-element-adc004f elementor-widget elementor-widget-text-editor\" data-id=\"adc004f\" data-element_type=\"widget\" data-widget_type=\"text-editor.default\">\n\t\t\t\t<div class=\"elementor-widget-container\">\n\t\t\t\t\t\t\t\t\t<h3><span style=\"font-weight: 400;\"><strong>Mamy jasne zasady:<\/strong><br \/><\/span><\/h3><ul><li>Tylko legalne zatrudnienie<\/li><li>Szkolenia BHP<\/li><li>Ubezpieczenia w ZUS<\/li><li>Mieszkanie blisko miejsca pracy<\/li><\/ul><p>Maj\u0105c na uwadze dobre samopoczucie pracownik\u00f3w, pomagamy w sprawach mieszkaniowych i w codziennym funkcjonowaniu w Polsce. Utrzymujemy sta\u0142y kontakt z pracownikami oraz pracodawcami.<\/p>\t\t\t\t\t\t\t\t<\/div>\n\t\t\t\t<\/div>\n\t\t\t\t\t<\/div>\n\t\t<\/div>\n\t\t\t\t<div class=\"elementor-column elementor-col-50 elementor-top-column elementor-element elementor-element-0b4b166\" data-id=\"0b4b166\" data-element_type=\"column\">\n\t\t\t<div class=\"elementor-widget-wrap elementor-element-populated\">\n\t\t\t\t\t\t<div class=\"elementor-element elementor-element-48c985d elementor-widget elementor-widget-text-editor\" data-id=\"48c985d\" data-element_type=\"widget\" data-widget_type=\"text-editor.default\">\n\t\t\t\t<div class=\"elementor-widget-container\">\n\t\t\t\t\t\t\t\t\t<h3><strong>Jak dzia\u0142amy:<\/strong><\/h3><ul><li>Skontaktuj si\u0119 z Nami, wysy\u0142aj\u0105c zg\u0142oszenie<\/li><li>Skontaktujemy si\u0119 z Tob\u0105<\/li><li>Wybierzemy dla Ciebie prac\u0119<\/li><li>Pomo\u017cemy w kwestiach formalnych zwi\u0105zanych z przyjazdem i pobytem w Polsce<\/li><li>Ustalimy czas przyjazdu<\/li><li>Odbierzemy Ci\u0119 z dworca autobusowego w dniu przyjazdu<\/li><li>Pomo\u017cemy w za\u0142atwieniu bada\u0144 lekarskich i podpisaniu umowy<\/li><li>Pojedziemy do miejsca zakwaterowania.<\/li><\/ul>\t\t\t\t\t\t\t\t<\/div>\n\t\t\t\t<\/div>\n\t\t\t\t\t<\/div>\n\t\t<\/div>\n\t\t\t\t\t<\/div>\n\t\t<\/section>\n\t\t\t\t<section class=\"elementor-section elementor-top-section elementor-element elementor-element-cd21ed6 elementor-section-boxed elementor-section-height-default elementor-section-height-default\" data-id=\"cd21ed6\" data-element_type=\"section\" data-settings=\"{&quot;background_background&quot;:&quot;classic&quot;}\">\n\t\t\t\t\t\t<div class=\"elementor-container elementor-column-gap-default\">\n\t\t\t\t\t<div class=\"elementor-column elementor-col-33 elementor-top-column elementor-element elementor-element-88b9a5d\" data-id=\"88b9a5d\" data-element_type=\"column\">\n\t\t\t<div class=\"elementor-widget-wrap\">\n\t\t\t\t\t\t\t<\/div>\n\t\t<\/div>\n\t\t\t\t<div class=\"elementor-column elementor-col-33 elementor-top-column elementor-element elementor-element-944dc1e\" data-id=\"944dc1e\" data-element_type=\"column\">\n\t\t\t<div class=\"elementor-widget-wrap elementor-element-populated\">\n\t\t\t\t\t\t<div class=\"elementor-element elementor-element-c141f93 elementor-widget elementor-widget-heading\" data-id=\"c141f93\" data-element_type=\"widget\" data-widget_type=\"heading.default\">\n\t\t\t\t<div class=\"elementor-widget-container\">\n\t\t\t\t\t<h4 class=\"elementor-heading-title elementor-size-default\">W sprawie zatrudnienia:<\/h4>\t\t\t\t<\/div>\n\t\t\t\t<\/div>\n\t\t\t\t<div class=\"elementor-element elementor-element-0966f0b elementor-widget elementor-widget-text-editor\" data-id=\"0966f0b\" data-element_type=\"widget\" data-widget_type=\"text-editor.default\">\n\t\t\t\t<div class=\"elementor-widget-container\">\n\t\t\t\t\t\t\t\t\t<p>Telefon: <a href=\"tel:+48786888782\"><span style=\"color: #008dcf;\">786 888 782<\/span><\/a> (PL)<br \/>Kontakt do koordynatora z j\u0119zykiem rosyjskim\/ukrai\u0144skim <a href=\"tel:+48882945290\"><span style=\"color: #008dcf;\">882 945 290<\/span><\/a><\/p>\t\t\t\t\t\t\t\t<\/div>\n\t\t\t\t<\/div>\n\t\t\t\t\t<\/div>\n\t\t<\/div>\n\t\t\t\t<div class=\"elementor-column elementor-col-33 elementor-top-column elementor-element elementor-element-a4df32d\" data-id=\"a4df32d\" data-element_type=\"column\">\n\t\t\t<div class=\"elementor-widget-wrap\">\n\t\t\t\t\t\t\t<\/div>\n\t\t<\/div>\n\t\t\t\t\t<\/div>\n\t\t<\/section>\n\t\t\t\t<\/div>\n\t\t","protected":false},"excerpt":{"rendered":"<p>Production of advertising screens Work for menWork experience is not required.The ability to use power tools and wrenches is required.Schedule: 10-11 hours, from Monday to Friday, from 6:00 am in one shift.Saturday for those who want to work 8 hours.Travel to the place of work and accommodation are free of charge.The rate is PLN 20&#8230;<\/p>\n","protected":false},"author":1,"featured_media":21879,"parent":0,"menu_order":0,"comment_status":"closed","ping_status":"closed","template":"","meta":{"_acf_changed":false,"_kad_post_transparent":"","_kad_post_title":"","_kad_post_layout":"","_kad_post_sidebar_id":"","_kad_post_content_style":"","_kad_post_vertical_padding":"","_kad_post_feature":"","_kad_post_feature_position":"","_kad_post_header":false,"_kad_post_footer":false,"_kad_post_classname":"","footnotes":""},"class_list":["post-21883","page","type-page","status-publish","has-post-thumbnail","hentry"],"acf":[],"yoast_head":"<!-- This site is optimized with the Yoast SEO plugin v26.5 - https:\/\/yoast.com\/wordpress\/plugins\/seo\/ -->\n<title>Production of advertising screens - OLEKO Group<\/title>\n<meta name=\"robots\" content=\"index, follow, max-snippet:-1, max-image-preview:large, max-video-preview:-1\" \/>\n<link rel=\"canonical\" href=\"https:\/\/www.olekogroup.pl\/en\/production-of-advertising-screens\" \/>\n<meta property=\"og:locale\" content=\"en_US\" \/>\n<meta property=\"og:type\" content=\"article\" \/>\n<meta property=\"og:title\" content=\"Production of advertising screens - OLEKO Group\" \/>\n<meta property=\"og:description\" content=\"Production of advertising screens Work for menWork experience is not required.The ability to use power tools and wrenches is required.Schedule: 10-11 hours, from Monday to Friday, from 6:00 am in one shift.Saturday for those who want to work 8 hours.Travel to the place of work and accommodation are free of charge.The rate is PLN 20...\" \/>\n<meta property=\"og:url\" content=\"https:\/\/www.olekogroup.pl\/en\/production-of-advertising-screens\" \/>\n<meta property=\"og:site_name\" content=\"OLEKO Group\" \/>\n<meta property=\"article:modified_time\" content=\"2023-10-25T12:54:42+00:00\" \/>\n<meta property=\"og:image\" content=\"https:\/\/www.olekogroup.pl\/wp-content\/uploads\/2023\/10\/1.jpg\" \/>\n\t<meta property=\"og:image:width\" content=\"800\" \/>\n\t<meta property=\"og:image:height\" content=\"600\" \/>\n\t<meta property=\"og:image:type\" content=\"image\/jpeg\" \/>\n<meta name=\"twitter:card\" content=\"summary_large_image\" \/>\n<meta name=\"twitter:label1\" content=\"Est. reading time\" \/>\n\t<meta name=\"twitter:data1\" content=\"2 minutes\" \/>\n<script type=\"application\/ld+json\" class=\"yoast-schema-graph\">{\"@context\":\"https:\/\/schema.org\",\"@graph\":[{\"@type\":\"WebPage\",\"@id\":\"https:\/\/www.olekogroup.pl\/en\/production-of-advertising-screens\",\"url\":\"https:\/\/www.olekogroup.pl\/en\/production-of-advertising-screens\",\"name\":\"Production of advertising screens - OLEKO Group\",\"isPartOf\":{\"@id\":\"https:\/\/www.olekogroup.pl\/en#website\"},\"primaryImageOfPage\":{\"@id\":\"https:\/\/www.olekogroup.pl\/en\/production-of-advertising-screens#primaryimage\"},\"image\":{\"@id\":\"https:\/\/www.olekogroup.pl\/en\/production-of-advertising-screens#primaryimage\"},\"thumbnailUrl\":\"https:\/\/www.olekogroup.pl\/wp-content\/uploads\/2023\/10\/1.jpg\",\"datePublished\":\"2023-10-25T12:10:03+00:00\",\"dateModified\":\"2023-10-25T12:54:42+00:00\",\"breadcrumb\":{\"@id\":\"https:\/\/www.olekogroup.pl\/en\/production-of-advertising-screens#breadcrumb\"},\"inLanguage\":\"en-US\",\"potentialAction\":[{\"@type\":\"ReadAction\",\"target\":[\"https:\/\/www.olekogroup.pl\/en\/production-of-advertising-screens\"]}]},{\"@type\":\"ImageObject\",\"inLanguage\":\"en-US\",\"@id\":\"https:\/\/www.olekogroup.pl\/en\/production-of-advertising-screens#primaryimage\",\"url\":\"https:\/\/www.olekogroup.pl\/wp-content\/uploads\/2023\/10\/1.jpg\",\"contentUrl\":\"https:\/\/www.olekogroup.pl\/wp-content\/uploads\/2023\/10\/1.jpg\",\"width\":800,\"height\":600},{\"@type\":\"BreadcrumbList\",\"@id\":\"https:\/\/www.olekogroup.pl\/en\/production-of-advertising-screens#breadcrumb\",\"itemListElement\":[{\"@type\":\"ListItem\",\"position\":1,\"name\":\"Home\",\"item\":\"https:\/\/www.olekogroup.pl\/en\"},{\"@type\":\"ListItem\",\"position\":2,\"name\":\"Production of advertising screens\"}]},{\"@type\":\"WebSite\",\"@id\":\"https:\/\/www.olekogroup.pl\/en#website\",\"url\":\"https:\/\/www.olekogroup.pl\/en\",\"name\":\"OLEKO Group\",\"description\":\"Profesjonalne us\u0142ugi pracy tymczasowej i outsourcingu pracowniczego\",\"publisher\":{\"@id\":\"https:\/\/www.olekogroup.pl\/en#organization\"},\"potentialAction\":[{\"@type\":\"SearchAction\",\"target\":{\"@type\":\"EntryPoint\",\"urlTemplate\":\"https:\/\/www.olekogroup.pl\/en?s={search_term_string}\"},\"query-input\":{\"@type\":\"PropertyValueSpecification\",\"valueRequired\":true,\"valueName\":\"search_term_string\"}}],\"inLanguage\":\"en-US\"},{\"@type\":\"Organization\",\"@id\":\"https:\/\/www.olekogroup.pl\/en#organization\",\"name\":\"OLEKO Group\",\"url\":\"https:\/\/www.olekogroup.pl\/en\",\"logo\":{\"@type\":\"ImageObject\",\"inLanguage\":\"en-US\",\"@id\":\"https:\/\/www.olekogroup.pl\/en#\/schema\/logo\/image\/\",\"url\":\"https:\/\/www.olekogroup.pl\/wp-content\/uploads\/2022\/09\/logo-300.png\",\"contentUrl\":\"https:\/\/www.olekogroup.pl\/wp-content\/uploads\/2022\/09\/logo-300.png\",\"width\":300,\"height\":126,\"caption\":\"OLEKO Group\"},\"image\":{\"@id\":\"https:\/\/www.olekogroup.pl\/en#\/schema\/logo\/image\/\"}}]}<\/script>\n<!-- \/ Yoast SEO plugin. -->","yoast_head_json":{"title":"Production of advertising screens - OLEKO Group","robots":{"index":"index","follow":"follow","max-snippet":"max-snippet:-1","max-image-preview":"max-image-preview:large","max-video-preview":"max-video-preview:-1"},"canonical":"https:\/\/www.olekogroup.pl\/en\/production-of-advertising-screens","og_locale":"en_US","og_type":"article","og_title":"Production of advertising screens - OLEKO Group","og_description":"Production of advertising screens Work for menWork experience is not required.The ability to use power tools and wrenches is required.Schedule: 10-11 hours, from Monday to Friday, from 6:00 am in one shift.Saturday for those who want to work 8 hours.Travel to the place of work and accommodation are free of charge.The rate is PLN 20...","og_url":"https:\/\/www.olekogroup.pl\/en\/production-of-advertising-screens","og_site_name":"OLEKO Group","article_modified_time":"2023-10-25T12:54:42+00:00","og_image":[{"width":800,"height":600,"url":"https:\/\/www.olekogroup.pl\/wp-content\/uploads\/2023\/10\/1.jpg","type":"image\/jpeg"}],"twitter_card":"summary_large_image","twitter_misc":{"Est. reading time":"2 minutes"},"schema":{"@context":"https:\/\/schema.org","@graph":[{"@type":"WebPage","@id":"https:\/\/www.olekogroup.pl\/en\/production-of-advertising-screens","url":"https:\/\/www.olekogroup.pl\/en\/production-of-advertising-screens","name":"Production of advertising screens - OLEKO Group","isPartOf":{"@id":"https:\/\/www.olekogroup.pl\/en#website"},"primaryImageOfPage":{"@id":"https:\/\/www.olekogroup.pl\/en\/production-of-advertising-screens#primaryimage"},"image":{"@id":"https:\/\/www.olekogroup.pl\/en\/production-of-advertising-screens#primaryimage"},"thumbnailUrl":"https:\/\/www.olekogroup.pl\/wp-content\/uploads\/2023\/10\/1.jpg","datePublished":"2023-10-25T12:10:03+00:00","dateModified":"2023-10-25T12:54:42+00:00","breadcrumb":{"@id":"https:\/\/www.olekogroup.pl\/en\/production-of-advertising-screens#breadcrumb"},"inLanguage":"en-US","potentialAction":[{"@type":"ReadAction","target":["https:\/\/www.olekogroup.pl\/en\/production-of-advertising-screens"]}]},{"@type":"ImageObject","inLanguage":"en-US","@id":"https:\/\/www.olekogroup.pl\/en\/production-of-advertising-screens#primaryimage","url":"https:\/\/www.olekogroup.pl\/wp-content\/uploads\/2023\/10\/1.jpg","contentUrl":"https:\/\/www.olekogroup.pl\/wp-content\/uploads\/2023\/10\/1.jpg","width":800,"height":600},{"@type":"BreadcrumbList","@id":"https:\/\/www.olekogroup.pl\/en\/production-of-advertising-screens#breadcrumb","itemListElement":[{"@type":"ListItem","position":1,"name":"Home","item":"https:\/\/www.olekogroup.pl\/en"},{"@type":"ListItem","position":2,"name":"Production of advertising screens"}]},{"@type":"WebSite","@id":"https:\/\/www.olekogroup.pl\/en#website","url":"https:\/\/www.olekogroup.pl\/en","name":"OLEKO Group","description":"Profesjonalne us\u0142ugi pracy tymczasowej i outsourcingu pracowniczego","publisher":{"@id":"https:\/\/www.olekogroup.pl\/en#organization"},"potentialAction":[{"@type":"SearchAction","target":{"@type":"EntryPoint","urlTemplate":"https:\/\/www.olekogroup.pl\/en?s={search_term_string}"},"query-input":{"@type":"PropertyValueSpecification","valueRequired":true,"valueName":"search_term_string"}}],"inLanguage":"en-US"},{"@type":"Organization","@id":"https:\/\/www.olekogroup.pl\/en#organization","name":"OLEKO Group","url":"https:\/\/www.olekogroup.pl\/en","logo":{"@type":"ImageObject","inLanguage":"en-US","@id":"https:\/\/www.olekogroup.pl\/en#\/schema\/logo\/image\/","url":"https:\/\/www.olekogroup.pl\/wp-content\/uploads\/2022\/09\/logo-300.png","contentUrl":"https:\/\/www.olekogroup.pl\/wp-content\/uploads\/2022\/09\/logo-300.png","width":300,"height":126,"caption":"OLEKO Group"},"image":{"@id":"https:\/\/www.olekogroup.pl\/en#\/schema\/logo\/image\/"}}]}},"_links":{"self":[{"href":"https:\/\/www.olekogroup.pl\/en\/wp-json\/wp\/v2\/pages\/21883","targetHints":{"allow":["GET"]}}],"collection":[{"href":"https:\/\/www.olekogroup.pl\/en\/wp-json\/wp\/v2\/pages"}],"about":[{"href":"https:\/\/www.olekogroup.pl\/en\/wp-json\/wp\/v2\/types\/page"}],"author":[{"embeddable":true,"href":"https:\/\/www.olekogroup.pl\/en\/wp-json\/wp\/v2\/users\/1"}],"replies":[{"embeddable":true,"href":"https:\/\/www.olekogroup.pl\/en\/wp-json\/wp\/v2\/comments?post=21883"}],"version-history":[{"count":7,"href":"https:\/\/www.olekogroup.pl\/en\/wp-json\/wp\/v2\/pages\/21883\/revisions"}],"predecessor-version":[{"id":21937,"href":"https:\/\/www.olekogroup.pl\/en\/wp-json\/wp\/v2\/pages\/21883\/revisions\/21937"}],"wp:featuredmedia":[{"embeddable":true,"href":"https:\/\/www.olekogroup.pl\/en\/wp-json\/wp\/v2\/media\/21879"}],"wp:attachment":[{"href":"https:\/\/www.olekogroup.pl\/en\/wp-json\/wp\/v2\/media?parent=21883"}],"curies":[{"name":"wp","href":"https:\/\/api.w.org\/{rel}","templated":true}]}}